{"id":185,"date":"2011-04-04T10:10:32","date_gmt":"2011-04-04T09:10:32","guid":{"rendered":"http:\/\/www.weilicheskann.de.ki\/?page_id=185"},"modified":"2013-11-12T14:29:17","modified_gmt":"2013-11-12T12:29:17","slug":"poetry-slam","status":"publish","type":"page","link":"http:\/\/weilicheskann.de\/?page_id=185","title":{"rendered":"Poetry Slam"},"content":{"rendered":"<h2>Was ist ein Poetry Slam<\/h2>\n<p>Quelle: <a title=\"Slampoet.de\" href=\"http:\/\/www.slampoet.de\" target=\"_blank\">Slampoet.de<\/a><\/p>\n<p>Poetry Slam ist ein Wettstreit zwischen Interpreten von Texten. Interpreten k\u00f6nnen dabei Einzelpersonen oder auch Teams aus mehreren Personen sein. Der Inhalt der Darbietung, insbesondere das gew\u00e4hlte Thema, steht dem Poeten dabei in den meisten F\u00e4llen frei. Auch sonst gibt es wenige Einschr\u00e4nkungen f\u00fcr die Performance. In den meisten F\u00e4llen muss die Darbietung aus gesprochenem (geschrienem, gefl\u00fcstertem,&#8230; &#8211; nicht aber gesungenem) Wort bestehen, au\u00dfer dem Textzettel keine Requisiten verwenden und innerhalb eines bestimmten Zeitfensters vorgetragen sein. Dar\u00fcber hinaus m\u00fcssen alle Texte vom Vortragenden selbst verfasst sein.<\/p>\n<p>Die einzelnen Vortr\u00e4ge werden im Laufe des Abends vom Publikum oder von einer Jury bewertet, sodass am Ende ein Gewinner gek\u00fcrt werden kann.<\/p>\n<p>Poetry Slam ist f\u00fcr Zuschauer meist ein sehr preiswerter und unterhaltsamer Abend, da die gebotenen Darbietungen sehr unterschiedlich und trotzdem meist von sehr hoher Qualit\u00e4t sind. Dar\u00fcber hinaus ist der Poetryslam eine publikumsnahe Veranstaltung, da man selber leicht an einem Slam als Poet teilnehmen kann. Bei vielen Poetryslam-Veranstaltungen kann man sich noch am gleichen Abend anmelden und selber das Mikrophon ergreifen&#8230;<\/p>\n<h2>Hier k\u00f6nnt ihr mich und meine Texte live erleben<\/h2>\n<p>Bis auf weiteres sind keine Auftritte bei Poetry Slams oder \u00e4hnlichem geplant.<\/p>\n<p><span style=\"text-decoration: line-through;\">26.08.2011 Karlsruhe &#8211; <a href=\"http:\/\/www.myslam.net\/de\/poetry-slam-calendar\/event\/6162\" target=\"_blank\">KOHI Slam<\/a><br \/>\n10.07.2011 Karlsruhe &#8211; <a href=\"http:\/\/bonlieuvivant.blogsport.de\/2011\/06\/23\/unser-programm-2\/trackback\/\" target=\"_blank\">Kurzfilmsl\u00e4m<\/a><\/span><br \/>\n<span style=\"text-decoration: line-through;\">30.06.2011 Freiburg &#8211; <a href=\"http:\/\/myslam.net\/de\/poetry-slam-calendar\/event\/6210\" target=\"_blank\">Freiburg &#8211; Poetry Slam<\/a><\/span><br \/>\n<span style=\"text-decoration: line-through;\">21.o6.2011 Karlsruhe &#8211; <a href=\"http:\/\/www.myslam.net\/de\/poetry-slam-calendar\/event\/5909\" target=\"_blank\">PH Kalrsruhe Slam<\/a><\/span><br \/>\n<span style=\"text-decoration: line-through;\">29.05.2011 Sw\u00e4bisch Gm\u00fcnd &#8211; <\/span><a href=\"http:\/\/myslam.net\/de\/poetry-slam\/578\" target=\"_blank\"><span style=\"text-decoration: line-through;\">Playground4Poetry<\/span><br \/>\n<\/a><span style=\"text-decoration: line-through;\">27.05.2011 Kalrsruhe &#8211; <a href=\"http:\/\/www.myslam.net\/de\/poetry-slam-calendar\/event\/5680\" target=\"_blank\">KOHI Slam<\/a><\/span><span style=\"text-decoration: line-through;\"><br \/>\n07.05.2011 Pforzheim &#8211; <a title=\"Poetry Slam Pforzheim\" href=\"http:\/\/myslam.net\/de\/poetry-slam\/95\" target=\"_blank\">Poetry Slam Pforzheim<\/a><\/span><br \/>\n<span style=\"text-decoration: line-through;\">29.04.2011 Kalrsruhe &#8211; <a title=\"KOHI Slam\" href=\"http:\/\/myslam.net\/de\/poetry-slam\/142\" target=\"_blank\">KOHI Slam<\/a><\/span><br \/>\n<span style=\"text-decoration: line-through;\">16.04.2011 Kalrsruhe &#8211; <a title=\"Gotec Slam\" href=\"http:\/\/myslam.net\/de\/poetry-slam\/48\" target=\"_blank\">Gotec Slam<\/a><\/span><br \/>\n<span style=\"text-decoration: line-through;\">31.03.2011 Pforzheim &#8211; <a title=\"Poetry Slam Pforzheim\" href=\"http:\/\/myslam.net\/de\/poetry-slam\/95\" target=\"_self\">Poetry Slam Pforzheim<\/a><br \/>\n<\/span><\/p>\n","protected":false},"excerpt":{"rendered":"<p>Was ist ein Poetry Slam Quelle: Slampoet.de Poetry Slam ist ein Wettstreit zwischen Interpreten von Texten. Interpreten k\u00f6nnen dabei Einzelpersonen oder auch Teams aus mehreren Personen sein. Der Inhalt der Darbietung, insbesondere das gew\u00e4hlte Thema, steht dem Poeten dabei in den meisten F\u00e4llen frei. Auch sonst gibt es wenige Einschr\u00e4nkungen f\u00fcr die Performance. In den [&hellip;]<\/p>\n","protected":false},"author":1,"featured_media":0,"parent":0,"menu_order":3,"comment_status":"open","ping_status":"open","template":"","meta":{"jetpack_post_was_ever_published":false,"footnotes":""},"class_list":["post-185","page","type-page","status-publish","hentry"],"aioseo_notices":[],"jetpack_shortlink":"https:\/\/wp.me\/P44ACN-2Z","jetpack_sharing_enabled":true,"_links":{"self":[{"href":"http:\/\/weilicheskann.de\/index.php?rest_route=\/wp\/v2\/pages\/185","targetHints":{"allow":["GET"]}}],"collection":[{"href":"http:\/\/weilicheskann.de\/index.php?rest_route=\/wp\/v2\/pages"}],"about":[{"href":"http:\/\/weilicheskann.de\/index.php?rest_route=\/wp\/v2\/types\/page"}],"author":[{"embeddable":true,"href":"http:\/\/weilicheskann.de\/index.php?rest_route=\/wp\/v2\/users\/1"}],"replies":[{"embeddable":true,"href":"http:\/\/weilicheskann.de\/index.php?rest_route=%2Fwp%2Fv2%2Fcomments&post=185"}],"version-history":[{"count":2,"href":"http:\/\/weilicheskann.de\/index.php?rest_route=\/wp\/v2\/pages\/185\/revisions"}],"predecessor-version":[{"id":856,"href":"http:\/\/weilicheskann.de\/index.php?rest_route=\/wp\/v2\/pages\/185\/revisions\/856"}],"wp:attachment":[{"href":"http:\/\/weilicheskann.de\/index.php?rest_route=%2Fwp%2Fv2%2Fmedia&parent=185"}],"curies":[{"name":"wp","href":"https:\/\/api.w.org\/{rel}","templated":true}]}}