{"id":246,"date":"2011-04-18T19:44:15","date_gmt":"2011-04-18T17:44:15","guid":{"rendered":"http:\/\/www.weilicheskann.de.ki\/?page_id=246"},"modified":"2013-11-05T12:41:42","modified_gmt":"2013-11-05T10:41:42","slug":"kaiser-wg-das-hoerspiel","status":"publish","type":"page","link":"http:\/\/weilicheskann.de\/?page_id=246","title":{"rendered":"Kaiser-WG &#8211; das H\u00f6rspiel"},"content":{"rendered":"<p>Im H\u00f6rspiel Kaiser-WG geht es um eine Studenten WG in der Karlsruher Kaiserstra\u00dfe. Dort treffen verschiedenste Charaktere auf ein aufeinander, dass die nat\u00fcrlich nicht reibungslos von statten gehen kann d\u00fcrfte auf der Hand liegen.<\/p>\n<p>Was passiert, k\u00f6nnt ihr zum einen hier auf meinem Blog verfolgen, als auch beim <a title=\"AurisKa PodCast Radio\" href=\"http:\/\/www.zim.ph-karlsruhe.de\/auriska\/\" target=\"_blank\">AurisKa PodCast Radio der P\u00e4dagogischen Hochschule Karlsruhe<\/a>, wof\u00fcr das H\u00f6rspiel produziert wurde.<\/p>\n<p>Hier nun noch eine Liste, der bisher ver\u00f6ffentlichten Folgen und der daran beteiligten Personen:<\/p>\n<h3><a title=\"Kaiser-WG - Pilotfolge\" href=\"http:\/\/www.weilicheskann.de.ki\/?p=230\">Pilotfolge<\/a><\/h3>\n<p>[audio:http:\/\/www.weilicheskann.de.ki\/wp-content\/uploads\/2011\/05\/Kaiser-WG_Pilot_2011-04-12.mp3]<br \/>\n(Ver\u00f6ffentlicht am 21.04.2011)<\/p>\n<p>Erz\u00e4hler: Sebastian Sigloch<br \/>\nEva-Maria: Jessica Houston<br \/>\nMarc: Sebastian Schneider<br \/>\nJenny: Judith Anton<br \/>\nBit: Christoph Krumm<br \/>\nText und Idee: Judith Anton &amp; Christoph Krumm<br \/>\nAufnahme: Christoph Krumm &amp; Judith Anton<br \/>\nNachbearbeitung: Christoph Krumm<\/p>\n<h3><a title=\"Folge 2 - Jenny und der K\u00fchlschrank\" href=\"http:\/\/www.weilicheskann.de.ki\/wp-content\/uploads\/2011\/05\/Kaiser-WG_Pilot_2011-04-12.mp3\">Folge 2 &#8211; Jenny und der K\u00fchlschrank<\/a><\/h3>\n<p>[audio:http:\/\/www.weilicheskann.de.ki\/wp-content\/uploads\/2011\/05\/Kaiser-WG_Folge-2_Abmischung.mp3]<br \/>\n(Ver\u00f6ffentlicht am 13.05.2011)<\/p>\n<p>Erz\u00e4hler: Sebastian Sigloch<br \/>\nEva-Maria: Jessica Houston<br \/>\nMarc: Sebastian Schneider<br \/>\nJenny: Judith Anton<br \/>\nBit: Christoph Krumm<br \/>\nText und Idee: Christoph Krumm &amp; Judith Anton<br \/>\nAufnahme: Judith Anton &amp; Christoph Krumm<br \/>\nNachbearbeitung: Judith Anton<\/p>\n<h3><a title=\"Kaiser-WG - Folge 3: Jenny und die Katze\" href=\"http:\/\/www.weilicheskann.de.ki\/?p=446\">Kaiser-WG &#8211; Folge 3: Jenny und die Katze<\/a><\/h3>\n<p>[audio:http:\/\/www.weilicheskann.de.ki\/wp-content\/uploads\/2011\/05\/Kaiser-WG_Folge_3_Jenny_und_die_Katze.mp3]<br \/>\n(Ver\u00f6ffentlicht am 02.06.2011)<\/p>\n<p>Erz\u00e4hler: Sebastian Sigloch<br \/>\nEva-Maria: Jessica Houston<br \/>\nMarc: Sebastian Schneider<br \/>\nJenny: Judith Anton<br \/>\nBit: Christoph Krumm<br \/>\nText und Idee: Judith Anton &amp; Christoph Krumm<br \/>\nAufnahme: Christoph Krumm &amp; Judith Anton<br \/>\nNachbearbeitung: Christoph Krumm<\/p>\n<p>Verwendete Musik in dieser Folge:<\/p>\n<ul>\n<li>Thisan &#8211; Gotas de nectar<\/li>\n<li>Matteo Venturelli &#8211; D\u00e9j\u00e0 Vu<\/li>\n<li>Bella Ruse &#8211; Push On<\/li>\n<\/ul>\n","protected":false},"excerpt":{"rendered":"<p>Im H\u00f6rspiel Kaiser-WG geht es um eine Studenten WG in der Karlsruher Kaiserstra\u00dfe. Dort treffen verschiedenste Charaktere auf ein aufeinander, dass die nat\u00fcrlich nicht reibungslos von statten gehen kann d\u00fcrfte auf der Hand liegen. Was passiert, k\u00f6nnt ihr zum einen hier auf meinem Blog verfolgen, als auch beim AurisKa PodCast Radio der P\u00e4dagogischen Hochschule Karlsruhe, [&hellip;]<\/p>\n","protected":false},"author":1,"featured_media":0,"parent":0,"menu_order":4,"comment_status":"open","ping_status":"open","template":"","meta":{"jetpack_post_was_ever_published":false,"footnotes":""},"class_list":["post-246","page","type-page","status-publish","hentry"],"aioseo_notices":[],"jetpack_shortlink":"https:\/\/wp.me\/P44ACN-3Y","jetpack_sharing_enabled":true,"_links":{"self":[{"href":"http:\/\/weilicheskann.de\/index.php?rest_route=\/wp\/v2\/pages\/246","targetHints":{"allow":["GET"]}}],"collection":[{"href":"http:\/\/weilicheskann.de\/index.php?rest_route=\/wp\/v2\/pages"}],"about":[{"href":"http:\/\/weilicheskann.de\/index.php?rest_route=\/wp\/v2\/types\/page"}],"author":[{"embeddable":true,"href":"http:\/\/weilicheskann.de\/index.php?rest_route=\/wp\/v2\/users\/1"}],"replies":[{"embeddable":true,"href":"http:\/\/weilicheskann.de\/index.php?rest_route=%2Fwp%2Fv2%2Fcomments&post=246"}],"version-history":[{"count":4,"href":"http:\/\/weilicheskann.de\/index.php?rest_route=\/wp\/v2\/pages\/246\/revisions"}],"predecessor-version":[{"id":845,"href":"http:\/\/weilicheskann.de\/index.php?rest_route=\/wp\/v2\/pages\/246\/revisions\/845"}],"wp:attachment":[{"href":"http:\/\/weilicheskann.de\/index.php?rest_route=%2Fwp%2Fv2%2Fmedia&parent=246"}],"curies":[{"name":"wp","href":"https:\/\/api.w.org\/{rel}","templated":true}]}}