{"id":26,"date":"2011-01-19T16:41:30","date_gmt":"2011-01-19T15:41:30","guid":{"rendered":"http:\/\/www.weilicheskann.de.ki\/?page_id=26"},"modified":"2011-01-19T16:41:30","modified_gmt":"2011-01-19T15:41:30","slug":"was-soll-das-ganze-hier","status":"publish","type":"page","link":"http:\/\/weilicheskann.de\/?page_id=26","title":{"rendered":"was soll das Ganze hier&#8230;"},"content":{"rendered":"<p>Ich m\u00f6chte hiermit meine Text und geistigen Erg\u00fcsse mit Dir und der Welt teilen.<\/p>\n<p>Ich werde versuchen in mehr oder weniger regelm\u00e4\u00dfigen abst\u00e4nden hier Texte von mir onlinestellen und hoffe, dass sich freudige Leserfinden, die beim Lesen der Texte mindestens genausoviel Spa\u00df haben, wie ich bei Schreiben.<\/p>\n<p>Auf Themen lege ich mich hier nicht fest, ich Schreibe einfach, was mit kommt oder mich besch\u00e4ftig. Mal was lustiges, mal was ernstes. Mal was aktuelles, wal etwas das mich gerade besch\u00e4ftigt. Manchmal aber einfach auch nur Prosa, oder sonst irgend etwas anderes.<\/p>\n<p>Mittlerweile finden sich hier auch die Termine meiner Poerty Slam Auftritte, falls ihr mich einmal live erleben wollt. Au\u00dferdem hat es inzwischen auch eine kleine H\u00f6rspielproduktion, &#8222;Kaiser-WG&#8220;, von einer guten Freundin und mir auf den Blog geschafft.<\/p>\n<p>Wenn es euch gef\u00e4llt, lasst es mich doch einfach \u00fcber einen Kommentar wissen, dr\u00fcckt den &#8222;Like&#8220;-Button unter den Eintr\u00e4gen und sagt es euren Freunden, ich freue mich immer, wenn neue Menschen meine Sachen lesen. Ihr k\u00f6nnt mir auch gerne eine Mail schreiben an: <a title=\"E-Mail senden\" href=\"mailto:OhneWorte@geekmail.de\"> OhneWorte@geekmail.de <\/a><\/p>\n<p>Ansonsten w\u00fcnsche ich euch noch einen sch\u00f6nen Tag und gehabt euch Wohl.<\/p>\n<p style=\"text-align: right;\">OhneWorte (Christoph)<\/p>\n","protected":false},"excerpt":{"rendered":"<p>Ich m\u00f6chte hiermit meine Text und geistigen Erg\u00fcsse mit Dir und der Welt teilen. Ich werde versuchen in mehr oder weniger regelm\u00e4\u00dfigen abst\u00e4nden hier Texte von mir onlinestellen und hoffe, dass sich freudige Leserfinden, die beim Lesen der Texte mindestens genausoviel Spa\u00df haben, wie ich bei Schreiben. Auf Themen lege ich mich hier nicht fest, [&hellip;]<\/p>\n","protected":false},"author":1,"featured_media":0,"parent":0,"menu_order":0,"comment_status":"open","ping_status":"open","template":"","meta":{"jetpack_post_was_ever_published":false,"footnotes":""},"class_list":["post-26","page","type-page","status-publish","hentry"],"aioseo_notices":[],"jetpack_shortlink":"https:\/\/wp.me\/P44ACN-q","jetpack_sharing_enabled":true,"_links":{"self":[{"href":"http:\/\/weilicheskann.de\/index.php?rest_route=\/wp\/v2\/pages\/26","targetHints":{"allow":["GET"]}}],"collection":[{"href":"http:\/\/weilicheskann.de\/index.php?rest_route=\/wp\/v2\/pages"}],"about":[{"href":"http:\/\/weilicheskann.de\/index.php?rest_route=\/wp\/v2\/types\/page"}],"author":[{"embeddable":true,"href":"http:\/\/weilicheskann.de\/index.php?rest_route=\/wp\/v2\/users\/1"}],"replies":[{"embeddable":true,"href":"http:\/\/weilicheskann.de\/index.php?rest_route=%2Fwp%2Fv2%2Fcomments&post=26"}],"version-history":[{"count":0,"href":"http:\/\/weilicheskann.de\/index.php?rest_route=\/wp\/v2\/pages\/26\/revisions"}],"wp:attachment":[{"href":"http:\/\/weilicheskann.de\/index.php?rest_route=%2Fwp%2Fv2%2Fmedia&parent=26"}],"curies":[{"name":"wp","href":"https:\/\/api.w.org\/{rel}","templated":true}]}}