{"id":271,"date":"2011-04-19T19:34:21","date_gmt":"2011-04-19T17:34:21","guid":{"rendered":"http:\/\/www.weilicheskann.de.ki\/?page_id=271"},"modified":"2013-11-05T11:39:40","modified_gmt":"2013-11-05T09:39:40","slug":"videos-meiner-auftritte","status":"publish","type":"page","link":"http:\/\/weilicheskann.de\/?page_id=271","title":{"rendered":"Videos meiner Auftritte"},"content":{"rendered":"<p>Hier werde ich euch ein paar Videos meiner Auftritte pr\u00e4sentieren, soweit es welche gibt und ich zugriff darauf habe.<\/p>\n<h4><a href=\"http:\/\/www.weilicheskann.de\/?page_id=274\">31.03.2011 &#8211; Pforzheim Kupferd\u00e4chle<\/a><\/h4>\n<h4><a href=\"http:\/\/www.weilicheskann.de\/?page_id=343\">07.05.2011 &#8211; Pforzheim Kupferd\u00e4chle<\/a><\/h4>\n","protected":false},"excerpt":{"rendered":"<p>Hier werde ich euch ein paar Videos meiner Auftritte pr\u00e4sentieren, soweit es welche gibt und ich zugriff darauf habe. 31.03.2011 &#8211; Pforzheim Kupferd\u00e4chle 07.05.2011 &#8211; Pforzheim Kupferd\u00e4chle<\/p>\n","protected":false},"author":1,"featured_media":0,"parent":0,"menu_order":3,"comment_status":"open","ping_status":"open","template":"","meta":{"jetpack_post_was_ever_published":false,"footnotes":""},"class_list":["post-271","page","type-page","status-publish","hentry"],"aioseo_notices":[],"jetpack_shortlink":"https:\/\/wp.me\/P44ACN-4n","jetpack_sharing_enabled":true,"_links":{"self":[{"href":"http:\/\/weilicheskann.de\/index.php?rest_route=\/wp\/v2\/pages\/271","targetHints":{"allow":["GET"]}}],"collection":[{"href":"http:\/\/weilicheskann.de\/index.php?rest_route=\/wp\/v2\/pages"}],"about":[{"href":"http:\/\/weilicheskann.de\/index.php?rest_route=\/wp\/v2\/types\/page"}],"author":[{"embeddable":true,"href":"http:\/\/weilicheskann.de\/index.php?rest_route=\/wp\/v2\/users\/1"}],"replies":[{"embeddable":true,"href":"http:\/\/weilicheskann.de\/index.php?rest_route=%2Fwp%2Fv2%2Fcomments&post=271"}],"version-history":[{"count":2,"href":"http:\/\/weilicheskann.de\/index.php?rest_route=\/wp\/v2\/pages\/271\/revisions"}],"predecessor-version":[{"id":827,"href":"http:\/\/weilicheskann.de\/index.php?rest_route=\/wp\/v2\/pages\/271\/revisions\/827"}],"wp:attachment":[{"href":"http:\/\/weilicheskann.de\/index.php?rest_route=%2Fwp%2Fv2%2Fmedia&parent=271"}],"curies":[{"name":"wp","href":"https:\/\/api.w.org\/{rel}","templated":true}]}}